{"id":9,"date":"2020-03-31T15:11:07","date_gmt":"2020-03-31T15:11:07","guid":{"rendered":"https:\/\/hpferramentas.com\/?page_id=9"},"modified":"2020-03-31T15:26:06","modified_gmt":"2020-03-31T15:26:06","slug":"empresa","status":"publish","type":"page","link":"https:\/\/hpferramentas.com\/?page_id=9","title":{"rendered":"EMPRESA"},"content":{"rendered":"\n<p>Em 2007 j\u00e1 com um conhecimento em ferramentas eletr\u00f4nicas, e atua\u00e7\u00e3o em grandes clientes que necessitam de uma grande precis\u00e3o e alta qualidade em tecnologia aperto. Com a atua\u00e7\u00e3o nesses clientes aumentou ainda mais nosso numero de clientes atendidos, Surgindo assim novos neg\u00f3cios para vendas de ferramentas, pois a atua\u00e7\u00e3o constante dentro da linha de produ\u00e7\u00e3o de nossos clientes.<\/p>\n\n\n\n<p>Em 2010 houve parceria Dynabrade que criou ainda mais oportunidades de vendas para a empresa e esta abrindo portas para novos clientes mostrando uma grande parceria de atendimento.<\/p>\n\n\n\n<h3 class=\"wp-block-heading\">SOLU\u00c7\u00d5ES:<\/h3>\n\n\n\n<p>A HP Ferramentas cada vez mais voltada a solu\u00e7\u00f5es TURN Keys dos clientes ofereceu cada vez mais parcerias e solu\u00e7\u00f5es para a linha de montagem das empresas suprindo a falta de fornecedores deste segmento e integrando a entrega total da solu\u00e7\u00e3o para o cliente um \u00fanico pacote.<\/p>\n\n\n\n<h3 class=\"wp-block-heading\">OBJETIVOS:<\/h3>\n\n\n\n<blockquote class=\"wp-block-quote is-layout-flow wp-block-quote-is-layout-flow\"><p>Ter crescimento sustent\u00e1vel em servi\u00e7os e vendas.<br>Oferecer solu\u00e7\u00f5es e inova\u00e7\u00f5es em ferramentas industriais.<br>Diversificar linha de produtos para poder atender melhor os clientes.<\/p><\/blockquote>\n\n\n\n<h3 class=\"wp-block-heading\">VALORES:<\/h3>\n\n\n\n<blockquote class=\"wp-block-quote is-layout-flow wp-block-quote-is-layout-flow\"><p>Pessoas em primeiro lugar.<br>Qualidade de nossos produtos e servi\u00e7os.<br>Seguran\u00e7a \u00e9 inegoci\u00e1vel.<br>Respeito para todos, dentro e fora da empresa.<br>Responsabilidade em toda decis\u00e3o.<br>Paix\u00e3o pelo que fazemos.<\/p><\/blockquote>\n\n\n\n<h3 class=\"wp-block-heading\">VIS\u00c3O:<\/h3>\n\n\n\n<blockquote class=\"wp-block-quote is-layout-flow wp-block-quote-is-layout-flow\"><p>A HP Ferramentas busca lideran\u00e7a no seu segmento sempre atento as necessidades de seus clientes, sabendo que trabalhar com marcas l\u00edderes no mercado, com tecnologia de ponta, para desenvolver servi\u00e7os que primam pela qualidade.<\/p><\/blockquote>\n\n\n\n<h3 class=\"wp-block-heading\">MISS\u00c3O:<\/h3>\n\n\n\n<blockquote class=\"wp-block-quote is-layout-flow wp-block-quote-is-layout-flow\"><p>Ser reconhecida como uma empresa de qualidade, com grande foco no cliente, nos parceiros e no mercado, ultrapassando os objetivos de neg\u00f3cios, atrav\u00e9s de inova\u00e7\u00e3o tecnol\u00f3gica, buscando excel\u00eancia na qualidade dos servi\u00e7os e atendimento.<\/p><\/blockquote>\n","protected":false},"excerpt":{"rendered":"<p>Em 2007 j\u00e1 com um conhecimento em ferramentas eletr\u00f4nicas, e atua\u00e7\u00e3o em grandes clientes que necessitam de uma grande precis\u00e3o e alta qualidade em tecnologia aperto. Com a atua\u00e7\u00e3o nesses clientes aumentou ainda mais nosso numero de clientes atendidos, Surgindo assim novos neg\u00f3cios para vendas de ferramentas, pois a atua\u00e7\u00e3o constante dentro da linha de [&hellip;]<\/p>\n","protected":false},"author":1,"featured_media":0,"parent":0,"menu_order":0,"comment_status":"closed","ping_status":"closed","template":"","meta":{"footnotes":""},"class_list":["post-9","page","type-page","status-publish","hentry"],"jetpack_sharing_enabled":true,"_links":{"self":[{"href":"https:\/\/hpferramentas.com\/index.php?rest_route=\/wp\/v2\/pages\/9","targetHints":{"allow":["GET"]}}],"collection":[{"href":"https:\/\/hpferramentas.com\/index.php?rest_route=\/wp\/v2\/pages"}],"about":[{"href":"https:\/\/hpferramentas.com\/index.php?rest_route=\/wp\/v2\/types\/page"}],"author":[{"embeddable":true,"href":"https:\/\/hpferramentas.com\/index.php?rest_route=\/wp\/v2\/users\/1"}],"replies":[{"embeddable":true,"href":"https:\/\/hpferramentas.com\/index.php?rest_route=%2Fwp%2Fv2%2Fcomments&post=9"}],"version-history":[{"count":3,"href":"https:\/\/hpferramentas.com\/index.php?rest_route=\/wp\/v2\/pages\/9\/revisions"}],"predecessor-version":[{"id":13,"href":"https:\/\/hpferramentas.com\/index.php?rest_route=\/wp\/v2\/pages\/9\/revisions\/13"}],"wp:attachment":[{"href":"https:\/\/hpferramentas.com\/index.php?rest_route=%2Fwp%2Fv2%2Fmedia&parent=9"}],"curies":[{"name":"wp","href":"https:\/\/api.w.org\/{rel}","templated":true}]}}