{"id":1008,"date":"2024-08-13T20:37:04","date_gmt":"2024-08-13T20:37:04","guid":{"rendered":"https:\/\/hpferramentas.com\/?post_type=product&#038;p=1008"},"modified":"2024-08-21T17:02:46","modified_gmt":"2024-08-21T17:02:46","slug":"lixadeira-pneumatica-angular-de-alta-rotacao-2","status":"publish","type":"product","link":"https:\/\/hpferramentas.com\/?product=lixadeira-pneumatica-angular-de-alta-rotacao-2","title":{"rendered":"Lixadeira Pneum\u00e1tica Angular De Alta Rota\u00e7\u00e3o 2"},"content":{"rendered":"","protected":false},"excerpt":{"rendered":"","protected":false},"featured_media":1009,"comment_status":"open","ping_status":"closed","template":"","meta":[],"product_brand":[],"product_cat":[34],"product_tag":[],"class_list":{"0":"post-1008","1":"product","2":"type-product","3":"status-publish","4":"has-post-thumbnail","6":"product_cat-sem-categoria","8":"first","9":"instock","10":"virtual","11":"taxable","12":"purchasable","13":"product-type-simple"},"jetpack_sharing_enabled":true,"_links":{"self":[{"href":"https:\/\/hpferramentas.com\/index.php?rest_route=\/wp\/v2\/product\/1008","targetHints":{"allow":["GET"]}}],"collection":[{"href":"https:\/\/hpferramentas.com\/index.php?rest_route=\/wp\/v2\/product"}],"about":[{"href":"https:\/\/hpferramentas.com\/index.php?rest_route=\/wp\/v2\/types\/product"}],"replies":[{"embeddable":true,"href":"https:\/\/hpferramentas.com\/index.php?rest_route=%2Fwp%2Fv2%2Fcomments&post=1008"}],"wp:featuredmedia":[{"embeddable":true,"href":"https:\/\/hpferramentas.com\/index.php?rest_route=\/wp\/v2\/media\/1009"}],"wp:attachment":[{"href":"https:\/\/hpferramentas.com\/index.php?rest_route=%2Fwp%2Fv2%2Fmedia&parent=1008"}],"wp:term":[{"taxonomy":"product_brand","embeddable":true,"href":"https:\/\/hpferramentas.com\/index.php?rest_route=%2Fwp%2Fv2%2Fproduct_brand&post=1008"},{"taxonomy":"product_cat","embeddable":true,"href":"https:\/\/hpferramentas.com\/index.php?rest_route=%2Fwp%2Fv2%2Fproduct_cat&post=1008"},{"taxonomy":"product_tag","embeddable":true,"href":"https:\/\/hpferramentas.com\/index.php?rest_route=%2Fwp%2Fv2%2Fproduct_tag&post=1008"}],"curies":[{"name":"wp","href":"https:\/\/api.w.org\/{rel}","templated":true}]}}